{"id":822,"date":"2011-03-24T19:40:19","date_gmt":"2011-03-24T18:40:19","guid":{"rendered":"http:\/\/sonia.noblogs.org\/?page_id=822"},"modified":"2018-05-03T12:12:44","modified_gmt":"2018-05-03T10:12:44","slug":"about","status":"publish","type":"page","link":"https:\/\/sonia.noblogs.org\/","title":{"rendered":"pubblicazioni"},"content":{"rendered":"<p style=\"text-align: justify\">In questa pagina sono raccolti tutti gli articoli e i saggi che ho scritto, in ordine cronologico, con i link diretti ai file pdf per leggere i testi completi. Per maggiori informazioni sulle relative pubblicazioni, rimando ai seguenti link: <a href=\"https:\/\/sonia.noblogs.org\/?page_id=4\">da libri<\/a> (saggi e articoli pubblicati in volume), <a href=\"https:\/\/sonia.noblogs.org\/?page_id=16\">da riviste<\/a> (saggi, articoli, recensioni e resoconti pubblicati su riviste e in rete), <a href=\"https:\/\/sonia.noblogs.org\/?page_id=18\">testi collettivi<\/a> (scritti in collaborazione con altre persone) e <a href=\"https:\/\/sonia.noblogs.org\/?page_id=22\">traduzioni<\/a> dall&#8217;inglese. Nella pagina <a href=\"https:\/\/sonia.noblogs.org\/?page_id=20\">interventi<\/a> sono raccolti invece i contributi (in parte inediti) presentati in occasione di convegni e incontri pubblici. Tutti i testi sono pubblicati con una licenza <a href=\"http:\/\/creativecommons.org\/licenses\/by-nc-sa\/3.0\/\" rel=\"license\">Creative Commons 3.0<\/a>.<\/p>\n<p style=\"text-align: justify\"><a href=\"http:\/\/creativecommons.org\/licenses\/by-nc-sa\/3.0\/deed.it\" rel=\"license\"><img decoding=\"async\" class=\"aligncenter\" src=\"http:\/\/i.creativecommons.org\/l\/by-nc-sa\/3.0\/88x31.png\" alt=\"Licenza Creative Commons\" \/><\/a><\/p>\n<p style=\"text-align: justify\"><strong><em><a href=\"https:\/\/sonia.noblogs.org\/files\/2018\/05\/citta_postcoloniale_kuruvilla.pdf\">La citt\u00e0 postcoloniale di Gabriella Kuruvilla: plurilinguismo e multifocalit\u00e0 nella letteratura italiana contemporanea<\/a><\/em><\/strong>, in Stefania De Lucia (a cura di), <em>Scrittrici Nomadi. Passare i confini tra lingue e culture<\/em>, Sapienza Universit\u00e0, Roma 2017, pp. 57-64<\/p>\n<p style=\"text-align: justify\">con Manuela Coppola, <em><a href=\"https:\/\/sonia.noblogs.org\/files\/2014\/12\/sabelli-coppola_insegnare-genere-e-razza.pdf\"><strong>Insegnare genere e &#8220;razza&#8221;: eredit\u00e0 coloniali e nuove prospettive<\/strong><\/a>,<\/em> in Maria Serena Sapegno (a cura di), <em>La differenza insegna. La didattica delle discipline in una prospettiva di genere<\/em>,\u00a0 Carocci, Roma 2014, pp. 29-36<\/p>\n<p style=\"text-align: justify\"><a href=\"https:\/\/sonia.noblogs.org\/files\/2011\/03\/recensione_pepicelli.pdf\"><b>recensione di Renata Pepicelli, <i>Il velo nell\u2019Islam. Storia, politica, estetica<\/i><\/b><\/a>, in \u00abDWF \u2013 donnawomanfemme\u00bb, n. 99,<em> Confini (in)valicabili<\/em>, 2013, 3, pp. 73-77<\/p>\n<p style=\"text-align: justify\"><a href=\"https:\/\/sonia.noblogs.org\/files\/2014\/06\/dwf_figlie_persefone.pdf\"><strong>traduzione di Edvige Giunta, <em>Figlie di Persefone<\/em><\/strong><\/a>, in \u00abDWF \u2013 donnawomanfemme\u00bb, n. 99,<em> Confini (in)valicabili<\/em>, 2013, 3, pp. 16-25 (ed. or. <em>Persephone\u2019s Daughters<\/em>, in \u00abWomen\u2019s Studies: An Interdisciplinary Journal\u00bb<i>,\u00a0<\/i><i>Special Issue on Creative Non-Fiction<\/i>, 33.6, September 2004, pp. 767-86)<\/p>\n<p style=\"text-align: justify\">con Sara De Simone, <a href=\"https:\/\/sonia.noblogs.org\/?p=3033\"><em><strong>Introduzione. Attraversare i confini<\/strong><\/em><\/a>, in \u00abDWF \u2013 donnawomanfemme\u00bb, n. 99,<em> Confini (in)valicabili<\/em>, 2013, 3, pp. 4-6 [<strong><a href=\"https:\/\/sonia.noblogs.org\/files\/2014\/06\/dwf_confini_intro.pdf\">file pdf<\/a><\/strong>]<\/p>\n<p style=\"text-align: justify\"><a href=\"https:\/\/sonia.noblogs.org\/?p=2632\"><strong><em>Quale razza? genere, classe e colore in<\/em> Timira <em>e<\/em> L&#8217;ottava vibrazione<\/strong><\/a>, in\u00a0Gaia Giuliani (a cura di), <em>La sottile linea bianca. Intersezioni di razza, genere e classe nell\u2019Italia postcoloniale<\/em>, \u00abStudi culturali\u00bb, n. 2, agosto 2013, pp. 286-293<\/p>\n<p style=\"text-align: justify\"><a href=\"https:\/\/sonia.noblogs.org\/files\/2013\/10\/sabelli_voci-delle-altre.pdf\"><strong><em>I corpi e le voci delle \u201caltre\u201d: genere e migrazioni in Christiana de Caldas Brito e Fernanda Farias de Albuquerque<\/em><\/strong><\/a>, in Margarete Durst, Sonia Sabelli (a cura di), <em>Questioni di genere: tra vecchi e nuovi pregiudizi e nuove o presunte libert\u00e0<\/em>, ETS, Pisa 2013, pp. 185-208<\/p>\n<p style=\"text-align: justify\">con Margarete Durst, <strong><em><a href=\"https:\/\/sonia.noblogs.org\/files\/2013\/10\/questioni_di-genere_intro_indice.pdf\">Premessa<\/a>. Vecchie e nuove frontiere degli studi di genere. Femminismo, omosessualit\u00e0, ecologismo, bioetica<\/em><\/strong>, in Margarete Durst, Sonia Sabelli (a cura di), <em>Questioni di genere: tra vecchi e nuovi pregiudizi e nuove o presunte libert\u00e0<\/em>, ETS, Pisa 2013, pp. 3-7<\/p>\n<p style=\"text-align: justify\">con Margarete Durst (a cura di), <a href=\"http:\/\/www.edizioniets.com\/Scheda.asp?N=9788846737663\"><strong><em>Questioni di genere: tra vecchi e nuovi pregiudizi e nuove o presunte libert\u00e0<\/em><\/strong><\/a>, ETS, Pisa 2013<\/p>\n<p style=\"text-align: justify\"><a href=\"https:\/\/sonia.noblogs.org\/files\/2011\/03\/sessualita-razza-classe.pdf\"><strong><em>Sessualit\u00e0, razza, classe e migrazioni nella costruzione dell\u2019italianit\u00e0<\/em><\/strong><\/a>, in Fortunato M. Cacciatore, Giuliana Mocchi, Sandra Plastina (a cura di), <em>Percorsi di genere. Letteratura, Filosofia, Studi postcoloniali<\/em>, Mimesis, Milano-Udine 2012, pp. 139-156<\/p>\n<p style=\"text-align: justify\"><em><strong><a href=\"http:\/\/revista-sanssoleil.com\/wp-content\/uploads\/2012\/02\/art-Sonia-Sabelli.pdf\" target=\"_blank\" rel=\"noopener\">La herencia del colonialismo en las representaciones contempor\u00e1neas del cuerpo negro femenino<\/a><\/strong><\/em>, in \u00abRevista Sans Soleil &#8211; Estudios de la imagen\u00bb, n. 4, 2012, pp. 122-131. Traduzione in spagnolo di Ander Gondra Aguirre (ed. or. in \u00abZapruder\u00bb, n. 23, 2010, pp. 106-15)<\/p>\n<p style=\"text-align: justify\">con Manuela Coppola, <a href=\"https:\/\/sonia.noblogs.org\/files\/2013\/01\/not-a-country-for.pdf\"><em><strong>\u201cNot a Country for Women, nor for Blacks\u201d: Teaching Race and Gender in Italy between Colonial Heritages and New Perspectives<\/strong><\/em><\/a>, in <a href=\"http:\/\/www.atgender.eu\/documents\/Teaching%20_Race_FULL.pdf\"><em>Teaching &#8220;Race&#8221; with a Gendered Edge<\/em><\/a>, edited by Brigitte Hipfl and Krist\u00edn Loftsd\u00f3ttir, AtGender, Utrecht &amp; Central European University Press, Budapest 2012, pp. 143-159<\/p>\n<p style=\"text-align: justify\"><a href=\"https:\/\/sonia.noblogs.org\/files\/2011\/03\/tricolore-bandiere-pericolose.pdf\"><em><strong>Tricolore. Bandiere pericolose<\/strong><\/em><\/a>, in Sabrina Marchetti, Jamila M.H. Mascat, Vincenza Perilli (a cura di), <em>Femministe a parole. Grovigli da districare<\/em>, Ediesse, Roma 2012, pp. 279-286<\/p>\n<p style=\"text-align: justify\"><a href=\"https:\/\/sonia.noblogs.org\/files\/2011\/03\/femminismo-nero-e-postcoloniale.pdf\"><em><strong>Femminismo nero e postcoloniale<\/strong><\/em>,<\/a> in Maria Serena Sapegno (a cura di), <em>Identit\u00e0 e differenze. <\/em><em>Introduzione agli studi delle donne e di genere<\/em>, Mondadori Universit\u00e0, Roma 2011, pp. 189-93<\/p>\n<p style=\"text-align: justify\"><a title=\"La violenza contro le detenute: nelle caserme, nelle carceri e nei Cie\" href=\"http:\/\/www.zeroviolenzadonne.it\/index.php?option=com_content&amp;view=article&amp;id=12836:la-violenza-contro-le-detenute-nelle-caserme-nelle-carceri-e-nei-cie&amp;catid=205&amp;Itemid=0\"><strong><em>La violenza contro le detenute: nelle caserme, nelle carceri e nei Cie<\/em><\/strong><\/a>, in Zero Violenza Donne, 22 marzo 2011.<br \/>\nPoi anche in <em>Quaderno 7<\/em> allegato a <em>Scarceranda 2012<\/em>, autoproduzione, Roma 2011, pp. 65-70 [<strong><a href=\"http:\/\/www.ondarossa.info\/scarceranda\/2012_testi\/65-70.pdf\">file pdf<\/a><\/strong>]<\/p>\n<p style=\"text-align: justify\"><a title=\"\u201cDubbing di Diaspora\u201d. Gender and Reggae Music inna Babylon\" href=\"https:\/\/sonia.noblogs.org\/files\/2011\/02\/dubbing_di_diaspora.pdf\"><strong><em>&#8216;Dubbing di Diaspora&#8217;: Gender and Reggae Music inna Babylon<\/em><\/strong><\/a>, in \u00abSocial Identities. Journal for the Study of Race, Nation and Culture\u00bb, special issue on <em>Postcolonial Europe: Transcultural and Multidisciplinary Perspectives<\/em>, edited by Sandra Ponzanesi and Bolette Blaagaard, vol. 17, n. 1, 2011, pp. 137-152.<br \/>\nPoi anche in Sandra Ponzanesi, Bolette Blaagaard (eds.), <em>Deconstructing Europe. Postcolonial Perspectives<\/em>, Routledge, London 2011, pp. 137-152 (<a href=\"https:\/\/sonia.noblogs.org\/files\/2011\/03\/dubbing_di_diaspora_2.pdf\"><strong>file pdf<\/strong><\/a>)<\/p>\n<p style=\"text-align: justify\"><a href=\"https:\/\/sonia.noblogs.org\/files\/2011\/03\/sabelli_quando-la-subalterna-parla.pdf\"><strong><em>Quando la subalterna parla. Le <\/em>Traiettorie di sguardi<em> di Genevi\u00e8ve Makaping<\/em><\/strong><\/a>, in Roberto de Robertis (a cura di), <em>Fuori centro. Percorsi postcoloniali nella letteratura italiana<\/em>, Aracne, Roma 2010, pp. 131-48<\/p>\n<p style=\"text-align: justify\"><em><strong><a title=\"L'eredit\u00e0 del colonialismo nelle rappresentazioni contemporanee del corpo femminile nero\" href=\"https:\/\/sonia.noblogs.org\/files\/2011\/03\/sabelli_eredita-colonialismo.pdf\">L\u2019eredit\u00e0 del colonialismo nelle rappresentazioni contemporanee del corpo femminile nero<\/a><\/strong><\/em>, in \u00abZapruder. Storie in movimento\u00bb, <em>Brava gente. Memoria e rappresentazioni del colonialismo<\/em>, a cura di Elena Petricola e Andrea Tappi, n. 23, settembre-dicembre 2010, pp. 106-15<\/p>\n<p style=\"text-align: justify\"><strong><em><a href=\"https:\/\/sonia.noblogs.org\/files\/2011\/03\/dwf_voci-e-sguardi-di-donne.pdf\">Voci e sguardi di donne<\/a><\/em><\/strong>, con Francesca Rinaldi, in \u00abDWF \u2013 donnawomanfemme\u00bb, <em>Modelli femminili<\/em>, n. 3-4 (87-88), 2010, pp. 3-10<\/p>\n<p style=\"text-align: justify\"><strong>traduzione di<\/strong> <a href=\"..\/?p=863\"><strong>Chiara Bonfiglioli, <em>Intersezioni di razzismo e sessismo nell\u2019Italia contemporanea. Una cartografia critica dei recenti dibattiti femministi<\/em><\/strong><\/a>, in \u00abDWF \u2013 donnawomanfemme\u00bb, <em>Modelli femminili<\/em>, n. 3-4(87-88), 2010, pp. 64-76 (ed. or. <em>Intersections of racism and sexism in contemporary Italy: A critical cartography of recent feminist debates<\/em>, in \u00abdarkmatter\u00bb, n. 6, 10 Oct. 2010)<\/p>\n<p style=\"text-align: justify\"><a title=\"\u00abCi chiamano \u201cospiti\u201d ma siamo detenuti\u00bb. I Centri di identificazione ed espulsione (Cie) ai tempi del \u201cpacchetto sicurezza\u201d\" href=\"http:\/\/www.ondarossa.info\/scarceranda\/2011_testi\/Ci_chiamano_ospiti_ma_siamo_detenuti.pdf\"><strong><em>\u00abCi chiamano \u201cospiti\u201d ma siamo detenuti\u00bb. I Centri di identificazione ed espulsione (Cie) ai tempi del \u201cpacchetto sicurezza\u201d<\/em><\/strong><\/a>, con la redazione di Silenzio Assordante, in <em>Quaderno 6<\/em> allegato a <em>Scarceranda 2011<\/em>, 2010, pp. 5-19<\/p>\n<p style=\"text-align: justify\"><a href=\"https:\/\/sonia.noblogs.org\/files\/2011\/01\/sabelli_dal_margine_al_centro.pdf\"><strong><em>Dal margine al centro. Le \u00abTraiettorie di sguardi\u00bb di Genevi\u00e8ve Makaping<\/em><\/strong><\/a>, in <em>La letteratura degli italiani. Centri e periferie<\/em>, Atti del XIII Congresso dell&#8217;Associazione degli Italianisti Italiani (ADI), Pugnochiuso (Foggia), 16-19 settembre 2009, a cura di D. Cofano e S. Valerio, Edizioni del Rosone, Foggia 2011<\/p>\n<p style=\"text-align: justify\"><a title=\"Il sociale e il politico. Intervista a David Hilliard\" href=\"https:\/\/sonia.noblogs.org\/files\/2011\/02\/davidhilliard.pdf\"><em><strong>Il sociale e il politico. Intervista a David Hilliard<\/strong><\/em><\/a> (Black Panther Party), con la redazione di Attica Blues, in \u00abInfoxoa\u00bb, n. 21, giugno 2008, pp. 54-8<\/p>\n<p style=\"text-align: justify\"><strong><em>La musica di Mery e Hasib<\/em><\/strong>, in \u00abInfoxoa\u00bb, n. 21, giugno 2008, pp. 120-1<\/p>\n<p style=\"text-align: justify\"><strong>traduzione di<\/strong> <strong>Rutvica Andrijasevic,<\/strong> <a href=\"https:\/\/sonia.noblogs.org\/files\/2011\/03\/bei-corpi-morti.pdf\"><em><strong>Bei corpi morti. Genere, migrazione e rappresentazione nelle campagne contro la tratta<\/strong><\/em><\/a>, con Tiziana Mancinelli, in http:\/\/www.sguardisulledifferenze.org, 2009 (ed. or. <em>Beautiful dead bodies: gender, migration and representation in anti-trafficking campaigns<\/em>, in \u00abFeminist Review\u00bb, n. 86, 2007, pp. 24-44)<\/p>\n<p style=\"text-align: justify\"><a title=\"Scrittrici eccentriche. Generi e genealogie nella letteratura italiana della migrazione\" href=\"https:\/\/sonia.noblogs.org\/files\/2011\/02\/scrittrici_eccentriche.pdf\"><em><strong>Scrittrici eccentriche. Generi e genealogie nella letteratura italiana della migrazione<\/strong><\/em><\/a>, in Alessia Ronchetti, Serena Sapegno (a cura di), <em>Dentro\/Fuori \u2013 Sopra\/Sotto. Critica femminista e canone letterario negli studi di italianistica<\/em>, Longo, Ravenna 2007, pp. 171-9<\/p>\n<p style=\"text-align: justify\"><a title=\"Introduzione alla letteratura italiana della migrazione\" href=\"http:\/\/www.casaculture.it\/ab\/2006\/sabelli06.pdf\"><strong><em>Introduzione alla letteratura italiana della migrazione<\/em><\/strong><\/a>, in <em>Alfabetica: la parola come luogo d\u2019incontro<\/em>, a cura di Tullio Bugari, Gei, Jesi 2007, pp. 13-23<\/p>\n<p style=\"text-align: justify\"><a title=\"Vibrazioni da altrove. Un\u2019inchiesta sulla musica dei migranti in Italia\" href=\"https:\/\/sonia.noblogs.org\/files\/2011\/03\/vibrazioni_da_altrove.pdf\"><em><strong>Vibrazioni da altrove. Un\u2019inchiesta sulla musica dei migranti in Italia<\/strong><\/em><\/a>, in Armando Gnisci (a cura di), <em>Nuovo Planetario Italiano. Geografia e antologia della letteratura della migrazione in Italia e in Europa<\/em>, Citt\u00e0 aperta, Troina 2006, pp. 519-37<\/p>\n<p style=\"text-align: justify\"><strong><em>La letteratura italiana di fronte alla sfida delle differenze<\/em><\/strong>, in \u00abJesi e la sua valle\u00bb, n. 13, luglio 2006, pp. 30-1<\/p>\n<p style=\"text-align: justify\"><a title=\"L\u2019insofferenza dei confini. L\u2019opera di Jarmila O\u010dkayov\u00e1 tra critica femminista e letteratura migrante,\" href=\"https:\/\/sonia.noblogs.org\/files\/2011\/02\/insofferenza-dei-confini.pdf\"><strong><em>L\u2019insofferenza dei confini. L\u2019opera di Jarmila O\u010dkayov\u00e1 tra critica femminista e letteratura migrante<\/em><\/strong>,<\/a> in Alessandro Amenta e Laura Quercioli Mincer (a cura di), O<em>mosessualit\u00e0 e Europa. Culture, istituzioni, societ\u00e0 a confronto<\/em>, Lithos, Roma 2006, pp. 71-84<\/p>\n<p style=\"text-align: justify\"><strong><em><a href=\"http:\/\/www.womenews.net\/spip\/spip.php?article586\">Quando il reggae \u00e8 donna<\/a><\/em><\/strong>, in \u00abIl Paese delle donne\u00bb, maggio 2006, http:\/\/www.womenews.net<\/p>\n<p style=\"text-align: justify\"><strong>recensione di <a title=\"recensione Ai confini del verso\" href=\"https:\/\/sonia.noblogs.org\/files\/2011\/04\/lecomte-ai-confini-del-verso.pdf\">Mia Lecomte (a cura di), <em>Ai confini del verso. Poesia della migrazione in italiano<\/em><\/a><\/strong> (Le Lettere 2006), in \u00abpagine\u00bb, Quadrimestrale di poesia internazionale, Anno XVI, numero 49, novembre-dicembre 2006, p. 45<\/p>\n<p style=\"text-align: justify\"><a title=\"Transnational Identities and the Subversion of the Italian Language in Genevi\u00e8ve Makaping, Christiana de Caldas Brito, and Jarmila O\u010dkayov\u00e1\" href=\"https:\/\/sonia.noblogs.org\/files\/2005\/09\/transnational_identities.pdf\"><em><strong>Transnational Identities and the Subversion of the Italian Language in Genevi\u00e8ve Makaping, Christiana de Caldas Brito, and Jarmila O\u010dkayov\u00e1<\/strong><\/em><\/a>, in \u00abDialectical Anthropology\u00bb, special issue on <em>Trading Cultures:\u00a0 Migration and Multiculturalism in Contemporary Europe<\/em>, edited by Gerald Pirog and Caterina Romeo, vol. 29, n. 3-4, September 2005, pp. 439-51<\/p>\n<p style=\"text-align: justify\"><strong>traduzione di<\/strong> <a title=\"Identit\u00e0 culturale e diaspora\" href=\"http:\/\/www.sagarana.net\/rivista\/numero18\/ibridazioni2.html\"><strong>Stuart Hall, <em>Identit\u00e0 culturale e diaspora<\/em><\/strong><\/a>, in \u00abSagarana\u00bb n. 18, gennaio 2005\u00a0 (ed. or. <em>Cultural Identity and Diaspora<\/em>, in Patrick Williams e Laura Chrisman, eds., <em>Colonial Discourse and Post-colonial Theory. A Reader<\/em>, Harvester\/Wheatsheaf, 1993, pp. 392-403)<\/p>\n<p style=\"text-align: justify\"><a title=\"Il reggae \u00e8 davvero solo un affare di uomini?\" href=\"https:\/\/sonia.noblogs.org\/files\/2005\/03\/womeninreggae.pdf\"><strong><em>Il reggae \u00e8 davvero solo un affare di uomini?<\/em><\/strong><\/a>, con Women in Reggae, in \u00abInfoxoa\u00bb, n. 19, marzo 2005, pp. 111-4<\/p>\n<p style=\"text-align: justify\"><a title=\"Lingua e identit\u00e0 in tre autrici migranti\" href=\"https:\/\/sonia.noblogs.org\/files\/2011\/01\/sabelli_lingua_e_identita.pdf\"><em><strong>Lingua e identit\u00e0 in tre autrici migranti<\/strong><\/em><\/a>, in \u00abQuaderni del &#8216;900\u00bb, numero monografico su <em>La letteratura postcoloniale italiana: dalla letteratura d\u2019immigrazione all\u2019incontro con l\u2019altro<\/em>, a cura di Tiziana Morosetti, Anno IV, 2004, n. 4, pp. 55-66<\/p>\n<p style=\"text-align: justify\"><a title=\"Scrittrici eccentriche. Identit\u00e0 transnazionali nella letteratura italiana\" href=\"https:\/\/sonia.noblogs.org\/files\/2011\/01\/sonia_tesi_dottorato.pdf\"><em><strong>Scrittrici eccentriche. Identit\u00e0 transnazionali nella letteratura italiana<\/strong><\/em><\/a>, tesi di dottorato in Storia delle scritture femminili\/Studi di genere, Sapienza Universit\u00e0 di Roma, 2004<\/p>\n<p style=\"text-align: justify\"><strong>resoconto della<\/strong> <em><strong>Quinta conferenza europea di ricerca femminista. <\/strong><\/em>Gender and Power in the New Europe: intersections of ethnicity, class, disability, sexualities and generations<em>, Lund (Svezia, 19-24 agosto 2003)<\/em>, in \u00abGenesis\u00bb, n. II\/2, 2003, pp. 233-238<\/p>\n<p style=\"text-align: justify\">recensione di Rocco Paternostro, <em>Salvatore Quasimodo o della poesia come etica<\/em>, in \u00abl\u2019Abaco\u00bb, Anno II, n. 2-3, 2003-4, pp. 256-8<\/p>\n<p style=\"text-align: justify\">recensione di <em>Scrittori di fronte alla guerra<\/em>, Atti delle giornate di studio, a cura di Maurizio Fiorilla e Valentina Gallo, in \u00abl\u2019Abaco\u00bb, Anno II, n. 2-3, 2003-4, pp. 237-41<\/p>\n<p style=\"text-align: justify\"><strong>traduzione di <\/strong><a title=\"Il multiculturalismo italiano\" href=\"http:\/\/www.sagarana.net\/rivista\/numero10\/ibridazioni2.html\"><strong>Sandra Ponzanesi, <em>Il multiculturalismo italiano<\/em><\/strong><\/a>, in \u00abSagarana\u00bb, n. 10, gennaio 2003 (ed. or. <em>Italian Multiculturalism<\/em>, in Ead., <em>Paradoxes of Post-colonial Culture. Feminism and Diaspora in South-Asian and Afro-Italian Women\u2019s Narratives<\/em>, tesi di dottorato, Utrecht 1999, pp.187-205)<\/p>\n<p style=\"text-align: justify\">resoconto del convegno <strong><em><a href=\"https:\/\/sonia.noblogs.org\/files\/2011\/03\/storichediieriedioggi.pdf\">Storiche di ieri e di oggi. Esperienze a confronto<\/a><\/em><\/strong>, in \u00abGenesis\u00bb, n. I\/1, 2002, pp. 283-290<\/p>\n<p style=\"text-align: justify\"><em><strong>Laboratorio di Letture \u00abSguardo sulle differenze\u00bb<\/strong><\/em>, con Maria Serena Sapegno, Monica Storini, Fabrizia Giuliani e le altre del \u00abLaboratorio\u00bb, in \u00abDWF \u2013 donnawomanfemme\u00bb, <em>Spazio<\/em>, n. 3-4, 2002, pp. 89-126 (il contributo di Sonia Sabelli \u00e8 alle pp. 122-3)<\/p>\n<p style=\"text-align: justify\">recensione di Roberto Salsano, <em>L\u2019immagine e la smorfia. Rosso di San Secondo e dintorni<\/em>, in \u00abl\u2019Abaco\u00bb, Anno I, n. 1, 2002, pp. 237-9<\/p>\n<p style=\"text-align: justify\">recensione di <em>The Craft and the Fury. <\/em><em>Essays in Memory of Glauco Cambon<\/em>, \u00abItaliana\u00bb IX, a cura di Joseph Francese, in \u00abl\u2019Abaco\u00bb, Anno I, n. 1, 2002, pp. 235-6<\/p>\n<p style=\"text-align: justify\">recensione di <em>Pluralism &amp; Critical Practice. Essays in Honour of Albert N. Mancini<\/em>, \u00abItaliana\u00bb VIII, a cura di Paolo A. Giordano e Anthony Julian Tamburri, in \u00abl\u2019Abaco\u00bb, Anno I, n. 1, 2002, pp. 229-30<\/p>\n<p style=\"text-align: justify\">recensione di <em>Paolo Segneri: un classico della tradizione cristiana<\/em>, Atti del Convegno internazionale, in \u00abl\u2019Abaco\u00bb, Anno I, n. 1, 2002, pp. 223-8<\/p>\n<p style=\"text-align: justify\">recensione di Giovanni Delfino, <em>Nuove rime scelte<\/em>, a cura di Rocco Paternostro, in \u00abl\u2019Abaco\u00bb, Anno I, n. 1, 2002, pp. 221-3<\/p>\n<p style=\"text-align: justify\"><a title=\"Le Fiabe italiane di Calvino tra oralit\u00e0 e scrittura\" href=\"https:\/\/sonia.noblogs.org\/files\/2011\/01\/fiabe_italiane_tra_oralita_e_scrittura.pdf\"><strong><em>Le <\/em>Fiabe italiane<em> di Calvino tra oralit\u00e0 e scrittura<\/em><\/strong><\/a>, in \u00abLinguistica e letteratura\u00bb, Anno XXVI\/1-2, 2001, pp. 143-93<\/p>\n<p style=\"text-align: justify\"><strong><em>Le<\/em> Fiabe italiane <em>di Italo Calvino tra oralit\u00e0 e scrittura<\/em><\/strong>, tesi di laurea, facolt\u00e0 di lettere, Sapienza Universit\u00e0 di Roma, 2000<\/p>\n","protected":false},"excerpt":{"rendered":"<p>In questa pagina sono raccolti tutti gli articoli e i saggi che ho scritto, in ordine cronologico, con i link diretti ai file pdf per leggere i testi completi. Per maggiori informazioni sulle relative pubblicazioni, rimando ai seguenti link: da libri (saggi e articoli pubblicati in volume), da riviste (saggi, articoli, recensioni e resoconti pubblicati [&hellip;]<\/p>\n","protected":false},"author":2382,"featured_media":0,"parent":0,"menu_order":0,"comment_status":"open","ping_status":"open","template":"","meta":{"footnotes":""},"class_list":["post-822","page","type-page","status-publish","hentry"],"_links":{"self":[{"href":"https:\/\/sonia.noblogs.org\/index.php?rest_route=\/wp\/v2\/pages\/822","targetHints":{"allow":["GET"]}}],"collection":[{"href":"https:\/\/sonia.noblogs.org\/index.php?rest_route=\/wp\/v2\/pages"}],"about":[{"href":"https:\/\/sonia.noblogs.org\/index.php?rest_route=\/wp\/v2\/types\/page"}],"author":[{"embeddable":true,"href":"https:\/\/sonia.noblogs.org\/index.php?rest_route=\/wp\/v2\/users\/2382"}],"replies":[{"embeddable":true,"href":"https:\/\/sonia.noblogs.org\/index.php?rest_route=%2Fwp%2Fv2%2Fcomments&post=822"}],"version-history":[{"count":128,"href":"https:\/\/sonia.noblogs.org\/index.php?rest_route=\/wp\/v2\/pages\/822\/revisions"}],"predecessor-version":[{"id":3568,"href":"https:\/\/sonia.noblogs.org\/index.php?rest_route=\/wp\/v2\/pages\/822\/revisions\/3568"}],"wp:attachment":[{"href":"https:\/\/sonia.noblogs.org\/index.php?rest_route=%2Fwp%2Fv2%2Fmedia&parent=822"}],"curies":[{"name":"wp","href":"https:\/\/api.w.org\/{rel}","templated":true}]}}